{"id":855,"date":"2018-05-15T19:57:07","date_gmt":"2018-05-15T18:57:07","guid":{"rendered":"https:\/\/www.lange-foerdersysteme.de\/?page_id=855"},"modified":"2018-05-30T08:19:34","modified_gmt":"2018-05-30T07:19:34","slug":"taktfoerderer-3","status":"publish","type":"page","link":"https:\/\/www.lange-foerdersysteme.de\/?page_id=855","title":{"rendered":"Taktf\u00f6rderer"},"content":{"rendered":"<p>Taktf\u00f6rderer fertigen wir individuell f\u00fcr den jeweiligen Verwendungszweck, wahlweise mit Zahnriemen- oder Kettenantrieb. Bei mehreren Fertigungsteilen kommen auch Werkst\u00fccktr\u00e4ger mit Wechselteilen zum Einsatz.<\/p>\n<div id=\"metaslider-id-1029\" style=\"width: 100%; margin: 0 auto;\" class=\"ml-slider-3-29-1 metaslider metaslider-nivo metaslider-1029 ml-slider\">\n    <div id=\"metaslider_container_1029\">\n        <div class='slider-wrapper theme-default'><div class='ribbon'><\/div><div id='metaslider_1029' class='nivoSlider'><img src=\"https:\/\/www.lange-foerdersysteme.de\/wp-content\/uploads\/2018\/05\/takt01-500x300.jpg\" height=\"300\" width=\"500\" title=\"takt01\" alt=\"\" class=\"slider-1029 slide-1036\" \/><img src=\"https:\/\/www.lange-foerdersysteme.de\/wp-content\/uploads\/2018\/05\/takt02-500x300.jpg\" height=\"300\" width=\"500\" title=\"takt02\" alt=\"\" class=\"slider-1029 slide-1037\" \/><img src=\"https:\/\/www.lange-foerdersysteme.de\/wp-content\/uploads\/2018\/05\/takt03-500x300.jpg\" height=\"300\" width=\"500\" title=\"takt03\" alt=\"\" class=\"slider-1029 slide-1038\" \/><img src=\"https:\/\/www.lange-foerdersysteme.de\/wp-content\/uploads\/2018\/05\/takt04-500x300.jpg\" height=\"300\" width=\"500\" title=\"takt04\" alt=\"\" class=\"slider-1029 slide-1039\" \/><img src=\"https:\/\/www.lange-foerdersysteme.de\/wp-content\/uploads\/2018\/05\/takt05-500x300.jpg\" height=\"300\" width=\"500\" title=\"takt05\" alt=\"\" class=\"slider-1029 slide-1040\" \/><img src=\"https:\/\/www.lange-foerdersysteme.de\/wp-content\/uploads\/2018\/05\/taktmain-500x300.jpg\" height=\"300\" width=\"500\" title=\"taktmain\" alt=\"\" class=\"slider-1029 slide-1041\" \/><\/div><\/div>\n        \n    <\/div>\n<\/div>\n","protected":false},"excerpt":{"rendered":"<p>Taktf\u00f6rderer fertigen wir individuell f\u00fcr den jeweiligen Verwendungszweck, wahlweise mit Zahnriemen- oder Kettenantrieb. Bei mehreren Fertigungsteilen kommen auch Werkst\u00fccktr\u00e4ger mit Wechselteilen zum Einsatz.<\/p>\n","protected":false},"author":1,"featured_media":0,"parent":0,"menu_order":0,"comment_status":"closed","ping_status":"closed","template":"","meta":[],"_links":{"self":[{"href":"https:\/\/www.lange-foerdersysteme.de\/index.php?rest_route=\/wp\/v2\/pages\/855"}],"collection":[{"href":"https:\/\/www.lange-foerdersysteme.de\/index.php?rest_route=\/wp\/v2\/pages"}],"about":[{"href":"https:\/\/www.lange-foerdersysteme.de\/index.php?rest_route=\/wp\/v2\/types\/page"}],"author":[{"embeddable":true,"href":"https:\/\/www.lange-foerdersysteme.de\/index.php?rest_route=\/wp\/v2\/users\/1"}],"replies":[{"embeddable":true,"href":"https:\/\/www.lange-foerdersysteme.de\/index.php?rest_route=%2Fwp%2Fv2%2Fcomments&post=855"}],"version-history":[{"count":2,"href":"https:\/\/www.lange-foerdersysteme.de\/index.php?rest_route=\/wp\/v2\/pages\/855\/revisions"}],"predecessor-version":[{"id":1042,"href":"https:\/\/www.lange-foerdersysteme.de\/index.php?rest_route=\/wp\/v2\/pages\/855\/revisions\/1042"}],"wp:attachment":[{"href":"https:\/\/www.lange-foerdersysteme.de\/index.php?rest_route=%2Fwp%2Fv2%2Fmedia&parent=855"}],"curies":[{"name":"wp","href":"https:\/\/api.w.org\/{rel}","templated":true}]}}