{"id":2,"date":"2016-05-10T03:48:21","date_gmt":"2016-05-10T03:48:21","guid":{"rendered":"https:\/\/www.lange-foerdersysteme.de\/?page_id=2"},"modified":"2020-05-01T18:24:33","modified_gmt":"2020-05-01T17:24:33","slug":"sample-page","status":"publish","type":"page","link":"https:\/\/www.lange-foerdersysteme.de\/","title":{"rendered":"Startseite"},"content":{"rendered":"<div id=\"Ebene2\" class=\"class\">\n<p><a href=\"https:\/\/www.lange-foerdersysteme.de\/wp-content\/uploads\/2018\/05\/inhalt-e1526746657821.jpg\" target=\"_blank\" rel=\"noopener noreferrer\"><img decoding=\"async\" loading=\"lazy\" class=\"aligncenter wp-image-885 size-full\" src=\"https:\/\/www.lange-foerdersysteme.de\/wp-content\/uploads\/2018\/05\/inhalt-e1526746657821.jpg\" alt=\"\" width=\"892\" height=\"466\" srcset=\"https:\/\/www.lange-foerdersysteme.de\/wp-content\/uploads\/2018\/05\/inhalt-e1526746657821.jpg 892w, https:\/\/www.lange-foerdersysteme.de\/wp-content\/uploads\/2018\/05\/inhalt-e1526746657821-300x157.jpg 300w, https:\/\/www.lange-foerdersysteme.de\/wp-content\/uploads\/2018\/05\/inhalt-e1526746657821-768x401.jpg 768w, https:\/\/www.lange-foerdersysteme.de\/wp-content\/uploads\/2018\/05\/inhalt-e1526746657821-800x418.jpg 800w\" sizes=\"(max-width: 892px) 100vw, 892px\" \/><\/a><\/p>\n<\/div>\n<p>Wir planen, produzieren und vertreiben individuell angepasste F\u00f6rdersysteme f\u00fcr Kunden aus der:<\/p>\n<p><strong>\u2022 Automobilindustrie und deren Zulieferer<a href=\"https:\/\/www.lange-foerdersysteme.de\/wp-content\/uploads\/2018\/03\/Scharnierbandplattenfoerderemain.jpg\" target=\"_blank\" rel=\"noopener noreferrer\"><img decoding=\"async\" loading=\"lazy\" class=\"alignright wp-image-430\" src=\"https:\/\/www.lange-foerdersysteme.de\/wp-content\/uploads\/2018\/03\/Scharnierbandplattenfoerderemain.jpg\" alt=\"\" width=\"400\" height=\"249\" srcset=\"https:\/\/www.lange-foerdersysteme.de\/wp-content\/uploads\/2018\/03\/Scharnierbandplattenfoerderemain.jpg 754w, https:\/\/www.lange-foerdersysteme.de\/wp-content\/uploads\/2018\/03\/Scharnierbandplattenfoerderemain-300x187.jpg 300w\" sizes=\"(max-width: 400px) 100vw, 400px\" \/><\/a><br \/>\n\u2022 Elektro- und Elektronikindustrie<br \/>\n\u2022 Metallindustrie<br \/>\n\u2022 Kunststoffindustrie<br \/>\n\u2022 Pharmaindustrie<br \/>\n\u2022 Getr\u00e4nkeindustrie<br \/>\n\u2022 Lebensmittelindustrie<br \/>\n\u2022 chemischen Industrie<br \/>\n\u2022 kosmetischen Industrie<br \/>\n\u2022 Glasindustrie<br \/>\n\u2022 Papierindustrie<\/strong><\/p>\n<p>Unsere umfangreiche Produktpalette bietet F\u00f6rdertechnik mit nahezu allen gew\u00fcnschten Ma\u00dfen und Leistungsmerkmalen. Alle Anlagen liefern wir Ihnen nach Wahl in Profilbauweise, Stahlkonstruktion oder in kompletter Edelstahlausf\u00fchrung.<br \/>\nNutzen Sie unsere langj\u00e4hrige Erfahrung und teilen Sie uns Ihre Aufgabenstellung mit.<\/p>\n<p style=\"text-align: center;\">\n","protected":false},"excerpt":{"rendered":"<p>Wir planen, produzieren und vertreiben individuell angepasste F\u00f6rdersysteme f\u00fcr Kunden aus der: \u2022 Automobilindustrie und deren Zulieferer \u2022 Elektro- und Elektronikindustrie \u2022 Metallindustrie \u2022 Kunststoffindustrie \u2022 Pharmaindustrie \u2022 Getr\u00e4nkeindustrie \u2022 Lebensmittelindustrie \u2022 chemischen Industrie \u2022 kosmetischen Industrie \u2022 Glasindustrie \u2022 Papierindustrie Unsere umfangreiche Produktpalette bietet F\u00f6rdertechnik mit nahezu allen gew\u00fcnschten Ma\u00dfen und Leistungsmerkmalen. Alle Anlagen liefern wir Ihnen nach Wahl in Profilbauweise, Stahlkonstruktion oder in kompletter Edelstahlausf\u00fchrung. Nutzen Sie unsere<\/p>\n<p><a class=\"more-link\" href=\"https:\/\/www.lange-foerdersysteme.de\/\">Weiterlesen<\/a><\/p>\n","protected":false},"author":1,"featured_media":0,"parent":0,"menu_order":0,"comment_status":"closed","ping_status":"closed","template":"","meta":[],"_links":{"self":[{"href":"https:\/\/www.lange-foerdersysteme.de\/index.php?rest_route=\/wp\/v2\/pages\/2"}],"collection":[{"href":"https:\/\/www.lange-foerdersysteme.de\/index.php?rest_route=\/wp\/v2\/pages"}],"about":[{"href":"https:\/\/www.lange-foerdersysteme.de\/index.php?rest_route=\/wp\/v2\/types\/page"}],"author":[{"embeddable":true,"href":"https:\/\/www.lange-foerdersysteme.de\/index.php?rest_route=\/wp\/v2\/users\/1"}],"replies":[{"embeddable":true,"href":"https:\/\/www.lange-foerdersysteme.de\/index.php?rest_route=%2Fwp%2Fv2%2Fcomments&post=2"}],"version-history":[{"count":24,"href":"https:\/\/www.lange-foerdersysteme.de\/index.php?rest_route=\/wp\/v2\/pages\/2\/revisions"}],"predecessor-version":[{"id":1192,"href":"https:\/\/www.lange-foerdersysteme.de\/index.php?rest_route=\/wp\/v2\/pages\/2\/revisions\/1192"}],"wp:attachment":[{"href":"https:\/\/www.lange-foerdersysteme.de\/index.php?rest_route=%2Fwp%2Fv2%2Fmedia&parent=2"}],"curies":[{"name":"wp","href":"https:\/\/api.w.org\/{rel}","templated":true}]}}